{"id":36210,"date":"2021-04-12T11:14:16","date_gmt":"2021-04-12T09:14:16","guid":{"rendered":"https:\/\/hr.uwr.edu.pl\/kontakt\/"},"modified":"2026-03-30T14:11:30","modified_gmt":"2026-03-30T12:11:30","slug":"kontakt","status":"publish","type":"page","link":"https:\/\/hr.uwr.edu.pl\/en\/kontakt\/","title":{"rendered":"Contact Us"},"content":{"rendered":"\n<div class=\"wp-block-columns bs-news-page is-layout-flex wp-block-columns-is-layout-flex\">\n<div class=\"wp-block-column bs-kontakt-photo is-layout-flow wp-block-column-is-layout-flow\">\n<figure class=\"wp-block-image alignwide size-large\"><img decoding=\"async\" src=\"https:\/\/uwr.edu.pl\/wp-content\/uploads\/2023\/07\/2023_Antropologia-po-remoncie_maj_fot.-Dominika-Hull-0048.jpg\" alt=\"Collegium Antropologicum\"\/><figcaption class=\"wp-element-caption\">Collegium Antropologicum<\/figcaption><\/figure>\n\n\n\n<div class=\"wp-block-columns is-layout-flex wp-block-columns-is-layout-flex\">\n<div class=\"wp-block-column bs-kontakt-right-column-2 is-layout-flow wp-block-column-is-layout-flow\" style=\"flex-basis:65%\">\n<div style=\"height:118px\" aria-hidden=\"true\" class=\"wp-block-spacer\"><\/div>\n<\/div>\n<\/div>\n<\/div>\n\n\n\n<div class=\"wp-block-column bs-contact-right-column is-layout-flow wp-block-column-is-layout-flow\">\n<div class=\"wp-block-bonasoft-modular-breadcrumbs-block\"><div class=\"bs_add_breadcrumb_trail\"><\/div><\/div>\n\n\n\n<hr class=\"wp-block-separator has-text-color has-black-color has-css-opacity has-black-background-color has-background is-style-wide bs-border-kontakt\"\/>\n\n\n\n<h1 class=\"wp-block-heading bs-naglowek-podstrony has-black-color has-text-color\"><strong>Contact Us <\/strong><\/h1>\n\n\n\n<h2 class=\"wp-block-heading\"><strong><span style=\"color: #000000\" class=\"ugb-highlight\">Human Resources<\/span><\/strong><\/h2>\n\n\n\n<div class=\"inherit-container-width wp-block-group pola-kontaktowe is-layout-constrained wp-block-group-is-layout-constrained\"><div class=\"wp-block-group__inner-container\">\n<p class=\"bs-kontakt-text has-black-color has-text-color\">University of Wroclaw<br>Collegium Antropologicum<br>Ku\u017anicza 35 room 206<br>50-138 Wroc\u0142aw <\/p>\n\n\n\n<p>tel. +48 697 555 055 (mobile)<br>tel. +48 375 21 24<br>tel. +48 375 29 98 (director)<br><a href=\"mailto:praca@uwr.edu.pl\" target=\"_blank\" rel=\"noreferrer noopener\">praca@uwr.edu.pl<\/a><br><a href=\"mailto:szkolenia@uwr.edu.pl\">szkolenia@uwr.edu.pl<\/a><br><a href=\"mailto:ocenaokresowa@uwr.edu.pl\">ocenaokresowa@uwr.edu.pl<\/a><\/p>\n\n\n\n<p class=\"bs-kontakt-text has-black-color has-text-color\">NIP: &nbsp;896-000-54-08 <br>REGON: 000001301 <\/p>\n\n\n\n<h2 class=\"wp-block-heading has-black-color has-text-color\"><strong>Office Staff<\/strong><\/h2>\n<\/div><\/div>\n\n\n\n<div class=\"inherit-container-width wp-block-group pola-kontaktowe is-layout-constrained wp-block-group-is-layout-constrained\"><div class=\"wp-block-group__inner-container\">\n<p><strong>mgr Dominika Michalska<\/strong><br>director<br><a href=\"mailto:dominika.michalska@uwr.edu.pl\">dominika.michalska@uwr.edu.pl<\/a><\/p>\n\n\n\n<p><strong>mgr Anna Hyla<\/strong><br>senior specialist<br><a href=\"mailto:anna.hyla@uwr.edu.pl\">anna.hyla@uwr.edu.pl<\/a><\/p>\n\n\n\n<p><strong>mgr Emilia Reizer<\/strong><br>senior specialist<br><a href=\"mailto:emilia.reizer@uwr.edu.pl\">emilia.reizer@uwr.edu.pl<\/a><\/p>\n\n\n\n<p><strong>mgr Ma\u0142gorzata Rutowska<\/strong><br>specialist<br><a href=\"mailto:malgorzata.rutowska@uwr.edu.pl\">malgorzata.rutowska@uwr.edu.pl<\/a><\/p>\n\n\n\n<p><strong>mgr in\u017c. Agnieszka Wik\u0142o<\/strong><br>specialist<br><a href=\"mailto:agnieszka.wiklo@uwr.edu.pl\">agnieszka.wiklo@uwr.edu.pl<\/a><\/p>\n<\/div><\/div>\n<\/div>\n<\/div>\n\n\n\n<p><\/p>\n","protected":false},"excerpt":{"rendered":"<p>Contact Us Human Resources University of WroclawCollegium AntropologicumKu\u017anicza 35 room 20650-138 Wroc\u0142aw tel. +48 697 555 055 (mobile)tel. +48 375 21 24tel. +48 375 29 98 (director)praca@uwr.edu.plszkolenia@uwr.edu.plocenaokresowa@uwr.edu.pl NIP: &nbsp;896-000-54-08 REGON: 000001301 Office Staff mgr Dominika Michalskadirectordominika.michalska@uwr.edu.pl mgr Anna Hylasenior specialistanna.hyla@uwr.edu.pl mgr Emilia Reizersenior specialistemilia.reizer@uwr.edu.pl mgr Ma\u0142gorzata Rutowskaspecialistmalgorzata.rutowska@uwr.edu.pl mgr in\u017c. Agnieszka Wik\u0142ospecialistagnieszka.wiklo@uwr.edu.pl<\/p>\n","protected":false},"author":20,"featured_media":0,"parent":0,"menu_order":0,"comment_status":"closed","ping_status":"closed","template":"","meta":{"_acf_changed":false,"inline_featured_image":false,"site-sidebar-layout":"no-sidebar","site-content-layout":"page-builder","ast-site-content-layout":"full-width-container","site-content-style":"unboxed","site-sidebar-style":"unboxed","ast-global-header-display":"","ast-banner-title-visibility":"","ast-main-header-display":"disabled","ast-hfb-above-header-display":"disabled","ast-hfb-below-header-display":"","ast-hfb-mobile-header-display":"","site-post-title":"disabled","ast-breadcrumbs-content":"","ast-featured-img":"","footer-sml-layout":"","ast-disable-related-posts":"","theme-transparent-header-meta":"default","adv-header-id-meta":"","stick-header-meta":"","header-above-stick-meta":"","header-main-stick-meta":"","header-below-stick-meta":"","astra-migrate-meta-layouts":"set","ast-page-background-enabled":"default","ast-page-background-meta":{"desktop":{"background-color":"","background-image":"","background-repeat":"repeat","background-position":"center center","background-size":"auto","background-attachment":"scroll","background-type":"","background-media":"","overlay-type":"","overlay-color":"","overlay-opacity":"","overlay-gradient":""},"tablet":{"background-color":"","background-image":"","background-repeat":"repeat","background-position":"center center","background-size":"auto","background-attachment":"scroll","background-type":"","background-media":"","overlay-type":"","overlay-color":"","overlay-opacity":"","overlay-gradient":""},"mobile":{"background-color":"","background-image":"","background-repeat":"repeat","background-position":"center center","background-size":"auto","background-attachment":"scroll","background-type":"","background-media":"","overlay-type":"","overlay-color":"","overlay-opacity":"","overlay-gradient":""}},"ast-content-background-meta":{"desktop":{"background-color":"var(--ast-global-color-5)","background-image":"","background-repeat":"repeat","background-position":"center center","background-size":"auto","background-attachment":"scroll","background-type":"","background-media":"","overlay-type":"","overlay-color":"","overlay-opacity":"","overlay-gradient":""},"tablet":{"background-color":"var(--ast-global-color-5)","background-image":"","background-repeat":"repeat","background-position":"center center","background-size":"auto","background-attachment":"scroll","background-type":"","background-media":"","overlay-type":"","overlay-color":"","overlay-opacity":"","overlay-gradient":""},"mobile":{"background-color":"var(--ast-global-color-5)","background-image":"","background-repeat":"repeat","background-position":"center center","background-size":"auto","background-attachment":"scroll","background-type":"","background-media":"","overlay-type":"","overlay-color":"","overlay-opacity":"","overlay-gradient":""}},"footnotes":""},"categories":[],"tags":[],"class_list":["post-36210","page","type-page","status-publish","hentry"],"featured_image_urls_v2":{"full":"","thumbnail":"","medium":"","medium_large":"","large":"","1536x1536":"","2048x2048":"","menu-24x24":"","menu-36x36":"","menu-48x48":""},"post_excerpt_stackable_v2":"<p>Collegium Antropologicum Contact Us Human Resources University of WroclawCollegium AntropologicumKu\u017anicza 35 room 20650-138 Wroc\u0142aw tel. +48 697 555 055 (mobile)tel. +48 375 21 24tel. +48 375 29 98 (director)praca@uwr.edu.plszkolenia@uwr.edu.plocenaokresowa@uwr.edu.pl NIP: &nbsp;896-000-54-08 REGON: 000001301 Office Staff mgr Dominika Michalskadirectordominika.michalska@uwr.edu.pl mgr Anna Hylasenior specialistanna.hyla@uwr.edu.pl mgr Emilia Reizersenior specialistemilia.reizer@uwr.edu.pl mgr Ma\u0142gorzata Rutowskaspecialistmalgorzata.rutowska@uwr.edu.pl mgr in\u017c. Agnieszka Wik\u0142ospecialistagnieszka.wiklo@uwr.edu.pl<\/p>\n","category_list_v2":"Uncategorized","author_info_v2":{"name":"mmatlinski","url":"https:\/\/hr.uwr.edu.pl\/en\/author\/mmatlinski\/"},"comments_num_v2":"0 comments","acf":[],"yoast_head":"<!-- This site is optimized with the Yoast SEO plugin v27.1.1 - https:\/\/yoast.com\/product\/yoast-seo-wordpress\/ -->\n<title>Contact Us - Biuro Rekrutacji i Rozwoju Pracownik\u00f3w<\/title>\n<meta name=\"description\" content=\"Sekcja Rekrutacji i Rozwoju Pracownik\u00f3w - HR\" \/>\n<meta name=\"robots\" content=\"index, follow, max-snippet:-1, max-image-preview:large, max-video-preview:-1\" \/>\n<link rel=\"canonical\" href=\"https:\/\/hr.uwr.edu.pl\/en\/kontakt\/\" \/>\n<meta property=\"og:locale\" content=\"en_US\" \/>\n<meta property=\"og:type\" content=\"article\" \/>\n<meta property=\"og:title\" content=\"Contact Us - Biuro Rekrutacji i Rozwoju Pracownik\u00f3w\" \/>\n<meta property=\"og:description\" content=\"Sekcja Rekrutacji i Rozwoju Pracownik\u00f3w - HR\" \/>\n<meta property=\"og:url\" content=\"https:\/\/hr.uwr.edu.pl\/en\/kontakt\/\" \/>\n<meta property=\"og:site_name\" content=\"Biuro Rekrutacji i Rozwoju Pracownik\u00f3w\" \/>\n<meta property=\"article:modified_time\" content=\"2026-03-30T12:11:30+00:00\" \/>\n<meta property=\"og:image\" content=\"https:\/\/uwr.edu.pl\/wp-content\/uploads\/2023\/07\/2023_Antropologia-po-remoncie_maj_fot.-Dominika-Hull-0048.jpg\" \/>\n<meta name=\"twitter:card\" content=\"summary_large_image\" \/>\n<meta name=\"twitter:label1\" content=\"Est. reading time\" \/>\n\t<meta name=\"twitter:data1\" content=\"1 minute\" \/>\n<script type=\"application\/ld+json\" class=\"yoast-schema-graph\">{\"@context\":\"https:\/\/schema.org\",\"@graph\":[{\"@type\":\"WebPage\",\"@id\":\"https:\/\/hr.uwr.edu.pl\/en\/kontakt\/\",\"url\":\"https:\/\/hr.uwr.edu.pl\/en\/kontakt\/\",\"name\":\"Contact Us - Biuro Rekrutacji i Rozwoju Pracownik\u00f3w\",\"isPartOf\":{\"@id\":\"https:\/\/hr.uwr.edu.pl\/#website\"},\"primaryImageOfPage\":{\"@id\":\"https:\/\/hr.uwr.edu.pl\/en\/kontakt\/#primaryimage\"},\"image\":{\"@id\":\"https:\/\/hr.uwr.edu.pl\/en\/kontakt\/#primaryimage\"},\"thumbnailUrl\":\"https:\/\/uwr.edu.pl\/wp-content\/uploads\/2023\/07\/2023_Antropologia-po-remoncie_maj_fot.-Dominika-Hull-0048.jpg\",\"datePublished\":\"2021-04-12T09:14:16+00:00\",\"dateModified\":\"2026-03-30T12:11:30+00:00\",\"description\":\"Sekcja Rekrutacji i Rozwoju Pracownik\u00f3w - HR\",\"breadcrumb\":{\"@id\":\"https:\/\/hr.uwr.edu.pl\/en\/kontakt\/#breadcrumb\"},\"inLanguage\":\"en-US\",\"potentialAction\":[{\"@type\":\"ReadAction\",\"target\":[\"https:\/\/hr.uwr.edu.pl\/en\/kontakt\/\"]}]},{\"@type\":\"ImageObject\",\"inLanguage\":\"en-US\",\"@id\":\"https:\/\/hr.uwr.edu.pl\/en\/kontakt\/#primaryimage\",\"url\":\"https:\/\/uwr.edu.pl\/wp-content\/uploads\/2023\/07\/2023_Antropologia-po-remoncie_maj_fot.-Dominika-Hull-0048.jpg\",\"contentUrl\":\"https:\/\/uwr.edu.pl\/wp-content\/uploads\/2023\/07\/2023_Antropologia-po-remoncie_maj_fot.-Dominika-Hull-0048.jpg\"},{\"@type\":\"BreadcrumbList\",\"@id\":\"https:\/\/hr.uwr.edu.pl\/en\/kontakt\/#breadcrumb\",\"itemListElement\":[{\"@type\":\"ListItem\",\"position\":1,\"name\":\"Strona g\u0142\u00f3wna\",\"item\":\"https:\/\/hr.uwr.edu.pl\/en\/\"},{\"@type\":\"ListItem\",\"position\":2,\"name\":\"Contact Us\"}]},{\"@type\":\"WebSite\",\"@id\":\"https:\/\/hr.uwr.edu.pl\/#website\",\"url\":\"https:\/\/hr.uwr.edu.pl\/\",\"name\":\"Biuro Rekrutacji i Rozwoju Pracownik\u00f3w\",\"description\":\"Kolejna witryna sieci \u201eUWR Witryny\u201d\",\"publisher\":{\"@id\":\"https:\/\/hr.uwr.edu.pl\/#organization\"},\"potentialAction\":[{\"@type\":\"SearchAction\",\"target\":{\"@type\":\"EntryPoint\",\"urlTemplate\":\"https:\/\/hr.uwr.edu.pl\/?s={search_term_string}\"},\"query-input\":{\"@type\":\"PropertyValueSpecification\",\"valueRequired\":true,\"valueName\":\"search_term_string\"}}],\"inLanguage\":\"en-US\"},{\"@type\":\"Organization\",\"@id\":\"https:\/\/hr.uwr.edu.pl\/#organization\",\"name\":\"Biuro Rekrutacji i Rozwoju Pracownik\u00f3w\",\"url\":\"https:\/\/hr.uwr.edu.pl\/\",\"logo\":{\"@type\":\"ImageObject\",\"inLanguage\":\"en-US\",\"@id\":\"https:\/\/hr.uwr.edu.pl\/#\/schema\/logo\/image\/\",\"url\":\"https:\/\/hr.uwr.edu.pl\/wp-content\/uploads\/sites\/158\/2025\/10\/UWr-logotyp-2025.png\",\"contentUrl\":\"https:\/\/hr.uwr.edu.pl\/wp-content\/uploads\/sites\/158\/2025\/10\/UWr-logotyp-2025.png\",\"width\":764,\"height\":269,\"caption\":\"Biuro Rekrutacji i Rozwoju Pracownik\u00f3w\"},\"image\":{\"@id\":\"https:\/\/hr.uwr.edu.pl\/#\/schema\/logo\/image\/\"}}]}<\/script>\n<!-- \/ Yoast SEO plugin. -->","yoast_head_json":{"title":"Contact Us - Biuro Rekrutacji i Rozwoju Pracownik\u00f3w","description":"Sekcja Rekrutacji i Rozwoju Pracownik\u00f3w - HR","robots":{"index":"index","follow":"follow","max-snippet":"max-snippet:-1","max-image-preview":"max-image-preview:large","max-video-preview":"max-video-preview:-1"},"canonical":"https:\/\/hr.uwr.edu.pl\/en\/kontakt\/","og_locale":"en_US","og_type":"article","og_title":"Contact Us - Biuro Rekrutacji i Rozwoju Pracownik\u00f3w","og_description":"Sekcja Rekrutacji i Rozwoju Pracownik\u00f3w - HR","og_url":"https:\/\/hr.uwr.edu.pl\/en\/kontakt\/","og_site_name":"Biuro Rekrutacji i Rozwoju Pracownik\u00f3w","article_modified_time":"2026-03-30T12:11:30+00:00","og_image":[{"url":"https:\/\/uwr.edu.pl\/wp-content\/uploads\/2023\/07\/2023_Antropologia-po-remoncie_maj_fot.-Dominika-Hull-0048.jpg","type":"","width":"","height":""}],"twitter_card":"summary_large_image","twitter_misc":{"Est. reading time":"1 minute"},"schema":{"@context":"https:\/\/schema.org","@graph":[{"@type":"WebPage","@id":"https:\/\/hr.uwr.edu.pl\/en\/kontakt\/","url":"https:\/\/hr.uwr.edu.pl\/en\/kontakt\/","name":"Contact Us - Biuro Rekrutacji i Rozwoju Pracownik\u00f3w","isPartOf":{"@id":"https:\/\/hr.uwr.edu.pl\/#website"},"primaryImageOfPage":{"@id":"https:\/\/hr.uwr.edu.pl\/en\/kontakt\/#primaryimage"},"image":{"@id":"https:\/\/hr.uwr.edu.pl\/en\/kontakt\/#primaryimage"},"thumbnailUrl":"https:\/\/uwr.edu.pl\/wp-content\/uploads\/2023\/07\/2023_Antropologia-po-remoncie_maj_fot.-Dominika-Hull-0048.jpg","datePublished":"2021-04-12T09:14:16+00:00","dateModified":"2026-03-30T12:11:30+00:00","description":"Sekcja Rekrutacji i Rozwoju Pracownik\u00f3w - HR","breadcrumb":{"@id":"https:\/\/hr.uwr.edu.pl\/en\/kontakt\/#breadcrumb"},"inLanguage":"en-US","potentialAction":[{"@type":"ReadAction","target":["https:\/\/hr.uwr.edu.pl\/en\/kontakt\/"]}]},{"@type":"ImageObject","inLanguage":"en-US","@id":"https:\/\/hr.uwr.edu.pl\/en\/kontakt\/#primaryimage","url":"https:\/\/uwr.edu.pl\/wp-content\/uploads\/2023\/07\/2023_Antropologia-po-remoncie_maj_fot.-Dominika-Hull-0048.jpg","contentUrl":"https:\/\/uwr.edu.pl\/wp-content\/uploads\/2023\/07\/2023_Antropologia-po-remoncie_maj_fot.-Dominika-Hull-0048.jpg"},{"@type":"BreadcrumbList","@id":"https:\/\/hr.uwr.edu.pl\/en\/kontakt\/#breadcrumb","itemListElement":[{"@type":"ListItem","position":1,"name":"Strona g\u0142\u00f3wna","item":"https:\/\/hr.uwr.edu.pl\/en\/"},{"@type":"ListItem","position":2,"name":"Contact Us"}]},{"@type":"WebSite","@id":"https:\/\/hr.uwr.edu.pl\/#website","url":"https:\/\/hr.uwr.edu.pl\/","name":"Biuro Rekrutacji i Rozwoju Pracownik\u00f3w","description":"Kolejna witryna sieci \u201eUWR Witryny\u201d","publisher":{"@id":"https:\/\/hr.uwr.edu.pl\/#organization"},"potentialAction":[{"@type":"SearchAction","target":{"@type":"EntryPoint","urlTemplate":"https:\/\/hr.uwr.edu.pl\/?s={search_term_string}"},"query-input":{"@type":"PropertyValueSpecification","valueRequired":true,"valueName":"search_term_string"}}],"inLanguage":"en-US"},{"@type":"Organization","@id":"https:\/\/hr.uwr.edu.pl\/#organization","name":"Biuro Rekrutacji i Rozwoju Pracownik\u00f3w","url":"https:\/\/hr.uwr.edu.pl\/","logo":{"@type":"ImageObject","inLanguage":"en-US","@id":"https:\/\/hr.uwr.edu.pl\/#\/schema\/logo\/image\/","url":"https:\/\/hr.uwr.edu.pl\/wp-content\/uploads\/sites\/158\/2025\/10\/UWr-logotyp-2025.png","contentUrl":"https:\/\/hr.uwr.edu.pl\/wp-content\/uploads\/sites\/158\/2025\/10\/UWr-logotyp-2025.png","width":764,"height":269,"caption":"Biuro Rekrutacji i Rozwoju Pracownik\u00f3w"},"image":{"@id":"https:\/\/hr.uwr.edu.pl\/#\/schema\/logo\/image\/"}}]}},"publishpress_future_action":{"enabled":false,"date":"2026-05-24 17:54:22","action":"change-status","newStatus":"draft","terms":[],"taxonomy":"category","extraData":[]},"publishpress_future_workflow_manual_trigger":{"enabledWorkflows":[]},"_links":{"self":[{"href":"https:\/\/hr.uwr.edu.pl\/en\/wp-json\/wp\/v2\/pages\/36210\/"}],"collection":[{"href":"https:\/\/hr.uwr.edu.pl\/en\/wp-json\/wp\/v2\/pages\/"}],"about":[{"href":"https:\/\/hr.uwr.edu.pl\/en\/wp-json\/wp\/v2\/types\/page\/"}],"author":[{"embeddable":true,"href":"https:\/\/hr.uwr.edu.pl\/en\/wp-json\/wp\/v2\/users\/20\/"}],"replies":[{"embeddable":true,"href":"https:\/\/hr.uwr.edu.pl\/en\/wp-json\/wp\/v2\/comments\/?post=36210"}],"version-history":[{"count":14,"href":"https:\/\/hr.uwr.edu.pl\/en\/wp-json\/wp\/v2\/pages\/36210\/revisions\/"}],"predecessor-version":[{"id":53086,"href":"https:\/\/hr.uwr.edu.pl\/en\/wp-json\/wp\/v2\/pages\/36210\/revisions\/53086\/"}],"wp:attachment":[{"href":"https:\/\/hr.uwr.edu.pl\/en\/wp-json\/wp\/v2\/media\/?parent=36210"}],"wp:term":[{"taxonomy":"category","embeddable":true,"href":"https:\/\/hr.uwr.edu.pl\/en\/wp-json\/wp\/v2\/categories\/?post=36210"},{"taxonomy":"post_tag","embeddable":true,"href":"https:\/\/hr.uwr.edu.pl\/en\/wp-json\/wp\/v2\/tags\/?post=36210"}],"curies":[{"name":"wp","href":"https:\/\/api.w.org\/{rel}","templated":true}]}}